{"id":1118,"date":"2018-06-27T11:39:45","date_gmt":"2018-06-27T09:39:45","guid":{"rendered":"https:\/\/www.imageglass.cz\/?page_id=1118"},"modified":"2025-09-04T14:04:37","modified_gmt":"2025-09-04T12:04:37","slug":"contact","status":"publish","type":"page","link":"https:\/\/www.imageglass.cz\/en\/contact","title":{"rendered":"Contact"},"content":{"rendered":"<p>[vc_row][vc_column css=&#8221;.vc_custom_1539936618061{margin-top: 150px !important;margin-bottom: 62px !important;}&#8221; el_class=&#8221;mobile-column-margin-top-30&#8243;][vc_custom_heading text=&#8221;Contact&#8221; font_container=&#8221;tag:h1|font_size:70px|text_align:center|color:rgba(255%2C255%2C255%2C0.01)|line_height:80px&#8221; use_theme_fonts=&#8221;yes&#8221; css=&#8221;.vc_custom_1655919000438{margin-bottom: 20px !important;}&#8221; el_class=&#8221;text-stroke-black&#8221;][vc_custom_heading text=&#8221;Get a price offer&#8221; font_container=&#8221;tag:h4|font_size:30px|text_align:center|color:rgba(68%2C68%2C68%2C0.45)&#8221; use_theme_fonts=&#8221;yes&#8221;][\/vc_column][\/vc_row][vc_row gap=&#8221;35&#8243; css=&#8221;.vc_custom_1539772523145{margin-bottom: 5px !important;}&#8221;][vc_column width=&#8221;2\/3&#8243; css=&#8221;.vc_custom_1539595981459{padding-left: 0px !important;}&#8221;][vc_custom_heading text=&#8221;Image Glass&#8221; font_container=&#8221;tag:h5|font_size:40px|text_align:left|line_height:55px&#8221; use_theme_fonts=&#8221;yes&#8221; css=&#8221;.vc_custom_1638905725214{margin-top: -15px !important;margin-bottom: 15px !important;}&#8221;][vc_column_text css=&#8221;.vc_custom_1655919060037{margin-right: 10% !important;}&#8221;]IMAGE GLASS division of Frajt company[\/vc_column_text]<div role=\"form\" class=\"wpcf7\" id=\"wpcf7-f120-o1\" lang=\"cs-CZ\" dir=\"ltr\">\n<div class=\"screen-reader-response\"><p role=\"status\" aria-live=\"polite\" aria-atomic=\"true\"><\/p> <ul><\/ul><\/div>\n<form action=\"\/en\/wp-json\/wp\/v2\/pages\/1118#wpcf7-f120-o1\" method=\"post\" class=\"wpcf7-form init\" novalidate=\"novalidate\" data-status=\"init\">\n<div style=\"display: none;\">\n<input type=\"hidden\" name=\"_wpcf7\" value=\"120\" \/>\n<input type=\"hidden\" name=\"_wpcf7_version\" value=\"5.4.2\" \/>\n<input type=\"hidden\" name=\"_wpcf7_locale\" value=\"cs_CZ\" \/>\n<input type=\"hidden\" name=\"_wpcf7_unit_tag\" value=\"wpcf7-f120-o1\" \/>\n<input type=\"hidden\" name=\"_wpcf7_container_post\" value=\"0\" \/>\n<input type=\"hidden\" name=\"_wpcf7_posted_data_hash\" value=\"\" \/>\n<\/div>\n<div class=\"vc_row make-an-appointment-form\" style=\"line-height:30px\">\n<div class=\"vc_col-sm-4\">\n<p><span class=\"wpcf7-form-control-wrap first-name\"><input type=\"text\" name=\"first-name\" value=\"\" size=\"50\" class=\"wpcf7-form-control wpcf7-text wpcf7-validates-as-required\" aria-required=\"true\" aria-invalid=\"false\" placeholder=\"Jm\u00e9ho a p\u0159\u00edjmen\u00ed\" \/><\/span> <\/p>\n<\/div>\n<div class=\"vc_col-sm-4\">\n<p><span class=\"wpcf7-form-control-wrap your-email\"><input type=\"email\" name=\"your-email\" value=\"\" size=\"50\" class=\"wpcf7-form-control wpcf7-text wpcf7-email wpcf7-validates-as-required wpcf7-validates-as-email\" aria-required=\"true\" aria-invalid=\"false\" placeholder=\"E-mail\" \/><\/span> <\/p>\n<\/div>\n<div class=\"vc_col-sm-4\">\n<p><span class=\"wpcf7-form-control-wrap your-subject\"><input type=\"text\" name=\"your-subject\" value=\"\" size=\"50\" class=\"wpcf7-form-control wpcf7-text\" aria-invalid=\"false\" placeholder=\"P\u0159edm\u011bt\" \/><\/span> <\/p>\n<\/div>\n<div class=\"vc_col-sm-12\">\n<p style=\"margin-bottom:0\"><span class=\"wpcf7-form-control-wrap your-message\"><textarea name=\"your-message\" cols=\"100\" rows=\"9\" class=\"wpcf7-form-control wpcf7-textarea\" aria-invalid=\"false\" placeholder=\"Text zpr\u00e1vy\"><\/textarea><\/span> <\/p>\n<\/div>\n<div class=\"vc_col-sm-12\">\n<p class=\"form-button\"><input type=\"submit\" value=\"Odeslat zpr\u00e1vu\" class=\"wpcf7-form-control wpcf7-submit\" \/><\/p>\n<\/div>\n<\/div>\n<div class=\"wpcf7-response-output\" aria-hidden=\"true\"><\/div><\/form><\/div>[\/vc_column][vc_column width=&#8221;1\/3&#8243; css=&#8221;.vc_custom_1638905563171{margin-top: 0px !important;margin-bottom: 0px !important;border-top-width: 12px !important;border-right-width: 12px !important;border-bottom-width: 12px !important;border-left-width: 12px !important;padding-top: 35px !important;padding-right: 35px !important;padding-bottom: 35px !important;padding-left: 35px !important;border-left-color: #e3e3e3 !important;border-left-style: solid !important;border-right-color: #e3e3e3 !important;border-right-style: solid !important;border-top-color: #e3e3e3 !important;border-top-style: solid !important;border-bottom-color: #e3e3e3 !important;border-bottom-style: solid !important;}&#8221;][vc_custom_heading text=&#8221;Frajt s.r.o.&#8221; font_container=&#8221;tag:h5|font_size:22px|text_align:left|color:%23373737|line_height:30px&#8221; use_theme_fonts=&#8221;yes&#8221; css_animation=&#8221;top-to-bottom&#8221; css=&#8221;.vc_custom_1655919067456{margin-bottom: 10px !important;}&#8221;][vc_custom_heading text=&#8221;Chropy\u0148sk\u00e1 2848<br \/>\n(enter from Kaplanova street)<br \/>\n767 01 Krom\u011b\u0159\u00ed\u017e<\/p>\n<p>I\u010cO: 25556550<br \/>\nDI\u010c: CZ25556550<\/p>\n<p>GPS: 49\u00b018\u201938.928\u02ddN, 17\u00b023\u201943.823\u02ddE<\/p>\n<p>I\u010c: 25556550<br \/>\nDI\u010c: CZ25556550&#8243; font_container=&#8221;tag:p|font_size:17px|text_align:left|color:%236b6b6b|line_height:25px&#8221; use_theme_fonts=&#8221;yes&#8221; css_animation=&#8221;bottom-to-top&#8221; css=&#8221;.vc_custom_1655919086527{margin-bottom: 30px !important;}&#8221;][vc_row_inner css=&#8221;.vc_custom_1539760937117{padding-right: 10px !important;padding-left: 10px !important;}&#8221;][vc_column_inner css=&#8221;.vc_custom_1539772495750{border-top-width: 1px !important;padding-top: 15px !important;padding-right: 0px !important;padding-bottom: 15px !important;padding-left: 7px !important;border-top-color: #e6e6e6 !important;border-top-style: solid !important;}&#8221;][vc_custom_heading text=&#8221;frajt@frajt.cz<br \/>\ntel: +420 573 335 700&#8243; font_container=&#8221;tag:p|font_size:17px|text_align:left|color:%236b6b6b|line_height:25px&#8221; use_theme_fonts=&#8221;yes&#8221; css_animation=&#8221;bottom-to-top&#8221;][\/vc_column_inner][\/vc_row_inner][\/vc_column][\/vc_row][vc_row][vc_column][vc_custom_heading text=&#8221;Kontakty&#8221; font_container=&#8221;tag:h5|font_size:40px|text_align:left|line_height:55px&#8221; use_theme_fonts=&#8221;yes&#8221; css=&#8221;.vc_custom_1645183198784{margin-top: -15px !important;margin-bottom: 15px !important;}&#8221;][\/vc_column][\/vc_row][vc_row][vc_column width=&#8221;1\/3&#8243;][vc_column_text]<\/p>\n<h3>Management<\/h3>\n<p><strong>Ing. Daniela Havl\u00ed\u010dkov\u00e1 Frajtov\u00e1<\/strong><br \/>\nCEO<br \/>\nemail: havlickova@frajt.cz<br \/>\ntelefon: tel: +420 573 335 700<\/p>\n<p><strong>Ing. Pavl\u00edna Frajtov\u00e1<\/strong><br \/>\nCFO<\/p>\n<p><strong>Ing. Du\u0161an Frajt<\/strong><br \/>\nCEO[\/vc_column_text][\/vc_column][vc_column width=&#8221;1\/3&#8243;][vc_column_text]<\/p>\n<h3>Economic department<\/h3>\n<p><strong>Yvona H\u00fcbnerova<\/strong><br \/>\ntel: +420 573 335 700<br \/>\nmobil: +420 737 288 728,<br \/>\ne-mail: <a href=\"mailto:yhubnerova@frajt.cz\">yhubnerova@frajt.cz<\/a>[\/vc_column_text][\/vc_column][vc_column width=&#8221;1\/3&#8243;][vc_column_text]<\/p>\n<h3>Production<\/h3>\n<p><strong>Ing. Roman Pan\u00e1\u010dek<\/strong><br \/>\nHead of production<br \/>\ntel: +420 573 335 700<br \/>\nmobil: +420 735 756 399<br \/>\ne-mail: <a href=\"mailto:panacek@frajt.cz\">panacek@frajt.cz<\/a>[\/vc_column_text][\/vc_column][\/vc_row]<\/p>\n","protected":false},"excerpt":{"rendered":"<p>[vc_row][vc_column css=&#8221;.vc_custom_1539936618061{margin-top: 150px !important;margin-bottom: 62px !important;}&#8221; el_class=&#8221;mobile-column-margin-top-30&#8243;][vc_custom_heading text=&#8221;Contact&#8221; font_container=&#8221;tag:h1|font_size:70px|text_align:center|color:rgba(255%2C255%2C255%2C0.01)|line_height:80px&#8221; use_theme_fonts=&#8221;yes&#8221; css=&#8221;.vc_custom_1655919000438{margin-bottom: 20px !important;}&#8221; el_class=&#8221;text-stroke-black&#8221;][vc_custom_heading text=&#8221;Get a price offer&#8221; font_container=&#8221;tag:h4|font_size:30px|text_align:center|color:rgba(68%2C68%2C68%2C0.45)&#8221; use_theme_fonts=&#8221;yes&#8221;][\/vc_column][\/vc_row][vc_row gap=&#8221;35&#8243; css=&#8221;.vc_custom_1539772523145{margin-bottom: 5px !important;}&#8221;][vc_column width=&#8221;2\/3&#8243;&nbsp;<a href=\"https:\/\/www.imageglass.cz\/en\/contact\">&hellip;<\/a><\/p>\n","protected":false},"author":1,"featured_media":0,"parent":0,"menu_order":0,"comment_status":"closed","ping_status":"closed","template":"template-home-transparent-header.php","meta":{"ngg_post_thumbnail":0,"footnotes":""},"yoast_head":"<!-- This site is optimized with the Yoast SEO plugin v18.0 - https:\/\/yoast.com\/wordpress\/plugins\/seo\/ -->\n<title>Contact - IMAGE GLASS | keramick\u00fd potisk skla<\/title>\n<meta name=\"robots\" content=\"index, follow, max-snippet:-1, max-image-preview:large, max-video-preview:-1\" \/>\n<link rel=\"canonical\" href=\"https:\/\/www.imageglass.cz\/en\/contact\" \/>\n<meta property=\"og:locale\" content=\"en_US\" \/>\n<meta property=\"og:type\" content=\"article\" \/>\n<meta property=\"og:title\" content=\"Contact - IMAGE GLASS | keramick\u00fd potisk skla\" \/>\n<meta property=\"og:description\" content=\"[vc_row][vc_column css=&#8221;.vc_custom_1539936618061{margin-top: 150px !important;margin-bottom: 62px !important;}&#8221; el_class=&#8221;mobile-column-margin-top-30&#8243;][vc_custom_heading text=&#8221;Contact&#8221; font_container=&#8221;tag:h1|font_size:70px|text_align:center|color:rgba(255%2C255%2C255%2C0.01)|line_height:80px&#8221; use_theme_fonts=&#8221;yes&#8221; css=&#8221;.vc_custom_1655919000438{margin-bottom: 20px !important;}&#8221; el_class=&#8221;text-stroke-black&#8221;][vc_custom_heading text=&#8221;Get a price offer&#8221; font_container=&#8221;tag:h4|font_size:30px|text_align:center|color:rgba(68%2C68%2C68%2C0.45)&#8221; use_theme_fonts=&#8221;yes&#8221;][\/vc_column][\/vc_row][vc_row gap=&#8221;35&#8243; css=&#8221;.vc_custom_1539772523145{margin-bottom: 5px !important;}&#8221;][vc_column width=&#8221;2\/3&#8243;&nbsp;&hellip;\" \/>\n<meta property=\"og:url\" content=\"https:\/\/www.imageglass.cz\/en\/contact\" \/>\n<meta property=\"og:site_name\" content=\"IMAGE GLASS | keramick\u00fd potisk skla\" \/>\n<meta property=\"article:modified_time\" content=\"2025-09-04T12:04:37+00:00\" \/>\n<meta name=\"twitter:card\" content=\"summary_large_image\" \/>\n<meta name=\"twitter:label1\" content=\"Est. reading time\" \/>\n\t<meta name=\"twitter:data1\" content=\"2 minutes\" \/>\n<script type=\"application\/ld+json\" class=\"yoast-schema-graph\">{\"@context\":\"https:\/\/schema.org\",\"@graph\":[{\"@type\":\"WebSite\",\"@id\":\"https:\/\/www.imageglass.cz\/#website\",\"url\":\"https:\/\/www.imageglass.cz\/\",\"name\":\"IMAGE GLASS | keramick\u00fd potisk skla\",\"description\":\"Dal\u0161\u00ed web pou\u017e\u00edvaj\u00edc\u00ed WordPress\",\"potentialAction\":[{\"@type\":\"SearchAction\",\"target\":{\"@type\":\"EntryPoint\",\"urlTemplate\":\"https:\/\/www.imageglass.cz\/?s={search_term_string}\"},\"query-input\":\"required name=search_term_string\"}],\"inLanguage\":\"en-US\"},{\"@type\":\"WebPage\",\"@id\":\"https:\/\/www.imageglass.cz\/en\/contact#webpage\",\"url\":\"https:\/\/www.imageglass.cz\/en\/contact\",\"name\":\"Contact - IMAGE GLASS | keramick\u00fd potisk skla\",\"isPartOf\":{\"@id\":\"https:\/\/www.imageglass.cz\/#website\"},\"datePublished\":\"2018-06-27T09:39:45+00:00\",\"dateModified\":\"2025-09-04T12:04:37+00:00\",\"breadcrumb\":{\"@id\":\"https:\/\/www.imageglass.cz\/en\/contact#breadcrumb\"},\"inLanguage\":\"en-US\",\"potentialAction\":[{\"@type\":\"ReadAction\",\"target\":[\"https:\/\/www.imageglass.cz\/en\/contact\"]}]},{\"@type\":\"BreadcrumbList\",\"@id\":\"https:\/\/www.imageglass.cz\/en\/contact#breadcrumb\",\"itemListElement\":[{\"@type\":\"ListItem\",\"position\":1,\"name\":\"Dom\u016f\",\"item\":\"https:\/\/www.imageglass.cz\/en\"},{\"@type\":\"ListItem\",\"position\":2,\"name\":\"Contact\"}]}]}<\/script>\n<!-- \/ Yoast SEO plugin. -->","yoast_head_json":{"title":"Contact - IMAGE GLASS | keramick\u00fd potisk skla","robots":{"index":"index","follow":"follow","max-snippet":"max-snippet:-1","max-image-preview":"max-image-preview:large","max-video-preview":"max-video-preview:-1"},"canonical":"https:\/\/www.imageglass.cz\/en\/contact","og_locale":"en_US","og_type":"article","og_title":"Contact - IMAGE GLASS | keramick\u00fd potisk skla","og_description":"[vc_row][vc_column css=&#8221;.vc_custom_1539936618061{margin-top: 150px !important;margin-bottom: 62px !important;}&#8221; el_class=&#8221;mobile-column-margin-top-30&#8243;][vc_custom_heading text=&#8221;Contact&#8221; font_container=&#8221;tag:h1|font_size:70px|text_align:center|color:rgba(255%2C255%2C255%2C0.01)|line_height:80px&#8221; use_theme_fonts=&#8221;yes&#8221; css=&#8221;.vc_custom_1655919000438{margin-bottom: 20px !important;}&#8221; el_class=&#8221;text-stroke-black&#8221;][vc_custom_heading text=&#8221;Get a price offer&#8221; font_container=&#8221;tag:h4|font_size:30px|text_align:center|color:rgba(68%2C68%2C68%2C0.45)&#8221; use_theme_fonts=&#8221;yes&#8221;][\/vc_column][\/vc_row][vc_row gap=&#8221;35&#8243; css=&#8221;.vc_custom_1539772523145{margin-bottom: 5px !important;}&#8221;][vc_column width=&#8221;2\/3&#8243;&nbsp;&hellip;","og_url":"https:\/\/www.imageglass.cz\/en\/contact","og_site_name":"IMAGE GLASS | keramick\u00fd potisk skla","article_modified_time":"2025-09-04T12:04:37+00:00","twitter_card":"summary_large_image","twitter_misc":{"Est. reading time":"2 minutes"},"schema":{"@context":"https:\/\/schema.org","@graph":[{"@type":"WebSite","@id":"https:\/\/www.imageglass.cz\/#website","url":"https:\/\/www.imageglass.cz\/","name":"IMAGE GLASS | keramick\u00fd potisk skla","description":"Dal\u0161\u00ed web pou\u017e\u00edvaj\u00edc\u00ed WordPress","potentialAction":[{"@type":"SearchAction","target":{"@type":"EntryPoint","urlTemplate":"https:\/\/www.imageglass.cz\/?s={search_term_string}"},"query-input":"required name=search_term_string"}],"inLanguage":"en-US"},{"@type":"WebPage","@id":"https:\/\/www.imageglass.cz\/en\/contact#webpage","url":"https:\/\/www.imageglass.cz\/en\/contact","name":"Contact - IMAGE GLASS | keramick\u00fd potisk skla","isPartOf":{"@id":"https:\/\/www.imageglass.cz\/#website"},"datePublished":"2018-06-27T09:39:45+00:00","dateModified":"2025-09-04T12:04:37+00:00","breadcrumb":{"@id":"https:\/\/www.imageglass.cz\/en\/contact#breadcrumb"},"inLanguage":"en-US","potentialAction":[{"@type":"ReadAction","target":["https:\/\/www.imageglass.cz\/en\/contact"]}]},{"@type":"BreadcrumbList","@id":"https:\/\/www.imageglass.cz\/en\/contact#breadcrumb","itemListElement":[{"@type":"ListItem","position":1,"name":"Dom\u016f","item":"https:\/\/www.imageglass.cz\/en"},{"@type":"ListItem","position":2,"name":"Contact"}]}]}},"_links":{"self":[{"href":"https:\/\/www.imageglass.cz\/en\/wp-json\/wp\/v2\/pages\/1118"}],"collection":[{"href":"https:\/\/www.imageglass.cz\/en\/wp-json\/wp\/v2\/pages"}],"about":[{"href":"https:\/\/www.imageglass.cz\/en\/wp-json\/wp\/v2\/types\/page"}],"author":[{"embeddable":true,"href":"https:\/\/www.imageglass.cz\/en\/wp-json\/wp\/v2\/users\/1"}],"replies":[{"embeddable":true,"href":"https:\/\/www.imageglass.cz\/en\/wp-json\/wp\/v2\/comments?post=1118"}],"version-history":[{"count":3,"href":"https:\/\/www.imageglass.cz\/en\/wp-json\/wp\/v2\/pages\/1118\/revisions"}],"predecessor-version":[{"id":1384,"href":"https:\/\/www.imageglass.cz\/en\/wp-json\/wp\/v2\/pages\/1118\/revisions\/1384"}],"wp:attachment":[{"href":"https:\/\/www.imageglass.cz\/en\/wp-json\/wp\/v2\/media?parent=1118"}],"curies":[{"name":"wp","href":"https:\/\/api.w.org\/{rel}","templated":true}]}}