{"id":1114,"date":"2018-10-31T08:22:29","date_gmt":"2018-10-31T07:22:29","guid":{"rendered":"https:\/\/www.imageglass.cz\/?page_id=1114"},"modified":"2022-06-22T19:43:48","modified_gmt":"2022-06-22T17:43:48","slug":"download","status":"publish","type":"page","link":"https:\/\/www.imageglass.cz\/en\/download","title":{"rendered":"Download"},"content":{"rendered":"<p>[vc_row][vc_column width=&#8221;1\/3&#8243;][vc_single_image image=&#8221;677&#8243; img_size=&#8221;large&#8221;]<div class=\"align-center\"><a href=\"https:\/\/www.imageglass.cz\/wp-content\/uploads\/2022\/02\/PrsFrajtIG_Investor_210x210mm_CZ.pdf\" class=\"wh-button  scp_theme_button-109e197b7119c6c2c35115e0d82fbd53\" target=\"_blank\">Catalogue for investors<\/a><\/div>[\/vc_column][vc_column width=&#8221;1\/3&#8243;][vc_single_image image=&#8221;679&#8243; img_size=&#8221;large&#8221;]<div class=\"align-center\"><a href=\"https:\/\/www.imageglass.cz\/wp-content\/uploads\/2022\/02\/katalog-image-glass-cz.pdf\" class=\"wh-button  scp_theme_button-c832e6669558f638fd0598da42eca905\" target=\"_blank\">Image Glass product catalogue<\/a><\/div>[\/vc_column][vc_column width=&#8221;1\/3&#8243;][vc_single_image image=&#8221;678&#8243; img_size=&#8221;large&#8221;]<div class=\"align-center\"><a href=\"https:\/\/www.imageglass.cz\/wp-content\/uploads\/2022\/02\/PrsFrajtIG_Trojlist210x210mm_CZ.pdf\" class=\"wh-button  scp_theme_button-0d4bb2776e738956c50d8f8ad0b8ac07\" target=\"_blank\">Catalogue of ceramic printing<\/a><\/div>[\/vc_column][\/vc_row]<\/p>\n","protected":false},"excerpt":{"rendered":"<p>[vc_row][vc_column width=&#8221;1\/3&#8243;][vc_single_image image=&#8221;677&#8243; img_size=&#8221;large&#8221;][\/vc_column][vc_column width=&#8221;1\/3&#8243;][vc_single_image image=&#8221;679&#8243; img_size=&#8221;large&#8221;][\/vc_column][vc_column width=&#8221;1\/3&#8243;][vc_single_image image=&#8221;678&#8243; img_size=&#8221;large&#8221;][\/vc_column][\/vc_row]<\/p>\n","protected":false},"author":1,"featured_media":0,"parent":0,"menu_order":0,"comment_status":"closed","ping_status":"closed","template":"template-fullwidth.php","meta":{"ngg_post_thumbnail":0,"footnotes":""},"yoast_head":"<!-- This site is optimized with the Yoast SEO plugin v18.0 - https:\/\/yoast.com\/wordpress\/plugins\/seo\/ -->\n<title>Download - IMAGE GLASS | keramick\u00fd potisk skla<\/title>\n<meta name=\"robots\" content=\"index, follow, max-snippet:-1, max-image-preview:large, max-video-preview:-1\" \/>\n<link rel=\"canonical\" href=\"https:\/\/www.imageglass.cz\/en\/download\" \/>\n<meta property=\"og:locale\" content=\"en_US\" \/>\n<meta property=\"og:type\" content=\"article\" \/>\n<meta property=\"og:title\" content=\"Download - IMAGE GLASS | keramick\u00fd potisk skla\" \/>\n<meta property=\"og:description\" content=\"[vc_row][vc_column width=&#8221;1\/3&#8243;][vc_single_image image=&#8221;677&#8243; img_size=&#8221;large&#8221;][\/vc_column][vc_column width=&#8221;1\/3&#8243;][vc_single_image image=&#8221;679&#8243; img_size=&#8221;large&#8221;][\/vc_column][vc_column width=&#8221;1\/3&#8243;][vc_single_image image=&#8221;678&#8243; img_size=&#8221;large&#8221;][\/vc_column][\/vc_row]\" \/>\n<meta property=\"og:url\" content=\"https:\/\/www.imageglass.cz\/en\/download\" \/>\n<meta property=\"og:site_name\" content=\"IMAGE GLASS | keramick\u00fd potisk skla\" \/>\n<meta property=\"article:modified_time\" content=\"2022-06-22T17:43:48+00:00\" \/>\n<meta name=\"twitter:card\" content=\"summary_large_image\" \/>\n<script type=\"application\/ld+json\" class=\"yoast-schema-graph\">{\"@context\":\"https:\/\/schema.org\",\"@graph\":[{\"@type\":\"WebSite\",\"@id\":\"https:\/\/www.imageglass.cz\/#website\",\"url\":\"https:\/\/www.imageglass.cz\/\",\"name\":\"IMAGE GLASS | keramick\u00fd potisk skla\",\"description\":\"Dal\u0161\u00ed web pou\u017e\u00edvaj\u00edc\u00ed WordPress\",\"potentialAction\":[{\"@type\":\"SearchAction\",\"target\":{\"@type\":\"EntryPoint\",\"urlTemplate\":\"https:\/\/www.imageglass.cz\/?s={search_term_string}\"},\"query-input\":\"required name=search_term_string\"}],\"inLanguage\":\"en-US\"},{\"@type\":\"WebPage\",\"@id\":\"https:\/\/www.imageglass.cz\/en\/download#webpage\",\"url\":\"https:\/\/www.imageglass.cz\/en\/download\",\"name\":\"Download - IMAGE GLASS | keramick\u00fd potisk skla\",\"isPartOf\":{\"@id\":\"https:\/\/www.imageglass.cz\/#website\"},\"datePublished\":\"2018-10-31T07:22:29+00:00\",\"dateModified\":\"2022-06-22T17:43:48+00:00\",\"breadcrumb\":{\"@id\":\"https:\/\/www.imageglass.cz\/en\/download#breadcrumb\"},\"inLanguage\":\"en-US\",\"potentialAction\":[{\"@type\":\"ReadAction\",\"target\":[\"https:\/\/www.imageglass.cz\/en\/download\"]}]},{\"@type\":\"BreadcrumbList\",\"@id\":\"https:\/\/www.imageglass.cz\/en\/download#breadcrumb\",\"itemListElement\":[{\"@type\":\"ListItem\",\"position\":1,\"name\":\"Dom\u016f\",\"item\":\"https:\/\/www.imageglass.cz\/en\"},{\"@type\":\"ListItem\",\"position\":2,\"name\":\"Download\"}]}]}<\/script>\n<!-- \/ Yoast SEO plugin. -->","yoast_head_json":{"title":"Download - IMAGE GLASS | keramick\u00fd potisk skla","robots":{"index":"index","follow":"follow","max-snippet":"max-snippet:-1","max-image-preview":"max-image-preview:large","max-video-preview":"max-video-preview:-1"},"canonical":"https:\/\/www.imageglass.cz\/en\/download","og_locale":"en_US","og_type":"article","og_title":"Download - IMAGE GLASS | keramick\u00fd potisk skla","og_description":"[vc_row][vc_column width=&#8221;1\/3&#8243;][vc_single_image image=&#8221;677&#8243; img_size=&#8221;large&#8221;][\/vc_column][vc_column width=&#8221;1\/3&#8243;][vc_single_image image=&#8221;679&#8243; img_size=&#8221;large&#8221;][\/vc_column][vc_column width=&#8221;1\/3&#8243;][vc_single_image image=&#8221;678&#8243; img_size=&#8221;large&#8221;][\/vc_column][\/vc_row]","og_url":"https:\/\/www.imageglass.cz\/en\/download","og_site_name":"IMAGE GLASS | keramick\u00fd potisk skla","article_modified_time":"2022-06-22T17:43:48+00:00","twitter_card":"summary_large_image","schema":{"@context":"https:\/\/schema.org","@graph":[{"@type":"WebSite","@id":"https:\/\/www.imageglass.cz\/#website","url":"https:\/\/www.imageglass.cz\/","name":"IMAGE GLASS | keramick\u00fd potisk skla","description":"Dal\u0161\u00ed web pou\u017e\u00edvaj\u00edc\u00ed WordPress","potentialAction":[{"@type":"SearchAction","target":{"@type":"EntryPoint","urlTemplate":"https:\/\/www.imageglass.cz\/?s={search_term_string}"},"query-input":"required name=search_term_string"}],"inLanguage":"en-US"},{"@type":"WebPage","@id":"https:\/\/www.imageglass.cz\/en\/download#webpage","url":"https:\/\/www.imageglass.cz\/en\/download","name":"Download - IMAGE GLASS | keramick\u00fd potisk skla","isPartOf":{"@id":"https:\/\/www.imageglass.cz\/#website"},"datePublished":"2018-10-31T07:22:29+00:00","dateModified":"2022-06-22T17:43:48+00:00","breadcrumb":{"@id":"https:\/\/www.imageglass.cz\/en\/download#breadcrumb"},"inLanguage":"en-US","potentialAction":[{"@type":"ReadAction","target":["https:\/\/www.imageglass.cz\/en\/download"]}]},{"@type":"BreadcrumbList","@id":"https:\/\/www.imageglass.cz\/en\/download#breadcrumb","itemListElement":[{"@type":"ListItem","position":1,"name":"Dom\u016f","item":"https:\/\/www.imageglass.cz\/en"},{"@type":"ListItem","position":2,"name":"Download"}]}]}},"_links":{"self":[{"href":"https:\/\/www.imageglass.cz\/en\/wp-json\/wp\/v2\/pages\/1114"}],"collection":[{"href":"https:\/\/www.imageglass.cz\/en\/wp-json\/wp\/v2\/pages"}],"about":[{"href":"https:\/\/www.imageglass.cz\/en\/wp-json\/wp\/v2\/types\/page"}],"author":[{"embeddable":true,"href":"https:\/\/www.imageglass.cz\/en\/wp-json\/wp\/v2\/users\/1"}],"replies":[{"embeddable":true,"href":"https:\/\/www.imageglass.cz\/en\/wp-json\/wp\/v2\/comments?post=1114"}],"version-history":[{"count":3,"href":"https:\/\/www.imageglass.cz\/en\/wp-json\/wp\/v2\/pages\/1114\/revisions"}],"predecessor-version":[{"id":1117,"href":"https:\/\/www.imageglass.cz\/en\/wp-json\/wp\/v2\/pages\/1114\/revisions\/1117"}],"wp:attachment":[{"href":"https:\/\/www.imageglass.cz\/en\/wp-json\/wp\/v2\/media?parent=1114"}],"curies":[{"name":"wp","href":"https:\/\/api.w.org\/{rel}","templated":true}]}}