{"id":1080,"date":"2018-06-26T10:53:31","date_gmt":"2018-06-26T08:53:31","guid":{"rendered":"https:\/\/www.imageglass.cz\/technologie"},"modified":"2022-06-22T19:44:51","modified_gmt":"2022-06-22T17:44:51","slug":"technology","status":"publish","type":"page","link":"https:\/\/www.imageglass.cz\/en\/technology","title":{"rendered":"Technology"},"content":{"rendered":"<p>[vc_row][vc_column][vc_empty_space height=&#8221;150px&#8221;][\/vc_column][\/vc_row][vc_row css=&#8221;.vc_custom_1535382853850{margin-bottom: 12px !important;}&#8221;][vc_column width=&#8221;1\/2&#8243; css=&#8221;.vc_custom_1532525448267{margin-bottom: 0px !important;}&#8221;][vc_custom_heading text=&#8221;TECHNOLOGY&#8221; font_container=&#8221;tag:h3|font_size:13px|text_align:right|color:%23373737&#8243; use_theme_fonts=&#8221;yes&#8221; css=&#8221;.vc_custom_1655917897728{margin-bottom: 5px !important;border-top-width: 2px !important;padding-left: 50px !important;border-top-color: #373737 !important;border-top-style: solid !important;}&#8221; el_class=&#8221;heading-border&#8221;][vc_custom_heading text=&#8221;Printing on glass<br \/>\nwith Ceramic Ink&#8221; font_container=&#8221;tag:h1|font_size:62px|text_align:left|color:%23282828|line_height:70px&#8221; use_theme_fonts=&#8221;yes&#8221; css=&#8221;.vc_custom_1655918360100{margin-bottom: 20px !important;}&#8221;][vc_custom_heading text=&#8221;Digital printing with ceramic ink directly to glass far surpasses convenital convex screen printing.&#8221; font_container=&#8221;tag:h4|font_size:45px|text_align:left|line_height:60px&#8221; use_theme_fonts=&#8221;yes&#8221; css=&#8221;.vc_custom_1655918054721{margin-right: 10% !important;margin-bottom: 40px !important;}&#8221;][vc_column_text css=&#8221;.vc_custom_1655918064774{margin-right: 10% !important;margin-bottom: 40px !important;}&#8221;]Ceramic ink printing on glass resists UV radiation, weathering and physical damage.<br \/>\nIt is designed for exterior and interior use. The IMAGE GLASS production line consists of cutting and shaping , an automatic washer, a glass ceramic printer, a hardening furnace and a laminating furnace. Together with glass processing and finishing operations, it is a closed production process.[\/vc_column_text][\/vc_column][vc_column width=&#8221;1\/2&#8243; css=&#8221;.vc_custom_1532508525159{margin-bottom: 0px !important;}&#8221;][vc_single_image image=&#8221;705&#8243; img_size=&#8221;full&#8221; alignment=&#8221;center&#8221;][vc_single_image image=&#8221;752&#8243; img_size=&#8221;full&#8221; alignment=&#8221;center&#8221;][\/vc_column][\/vc_row][vc_row css=&#8221;.vc_custom_1638904020795{margin-top: 100px !important;margin-bottom: 30px !important;}&#8221;][vc_column][vc_custom_heading text=&#8221;V\u00ddROBA&#8221; font_container=&#8221;tag:h3|font_size:13px|text_align:right|color:%23373737&#8243; use_theme_fonts=&#8221;yes&#8221; css=&#8221;.vc_custom_1638903688494{margin-bottom: 5px !important;border-top-width: 2px !important;padding-left: 50px !important;border-top-color: #373737 !important;border-top-style: solid !important;}&#8221; el_class=&#8221;heading-border&#8221;][\/vc_column][\/vc_row][vc_row][vc_column width=&#8221;1\/5&#8243;][vc_custom_heading text=&#8221;01&#8243; font_container=&#8221;tag:h5|font_size:55px|text_align:left|color:rgba(255%2C255%2C255%2C0.01)&#8221; use_theme_fonts=&#8221;yes&#8221; css=&#8221;.vc_custom_1638903543929{margin-bottom: 15px !important;}&#8221; el_class=&#8221;text-stroke-black&#8221;][vc_custom_heading text=&#8221;Preparation<br \/>\n\/Cutting and glass processing&#8221; font_container=&#8221;tag:p|text_align:left&#8221; use_theme_fonts=&#8221;yes&#8221; css=&#8221;.vc_custom_1655918096540{margin-bottom: 40px !important;}&#8221;][\/vc_column][vc_column width=&#8221;1\/5&#8243;][vc_custom_heading text=&#8221;02&#8243; font_container=&#8221;tag:h5|font_size:55px|text_align:left|color:rgba(255%2C255%2C255%2C0.01)&#8221; use_theme_fonts=&#8221;yes&#8221; css=&#8221;.vc_custom_1638903549083{margin-bottom: 15px !important;}&#8221; el_class=&#8221;text-stroke-black&#8221;][vc_custom_heading text=&#8221;Glass washing<br \/>\n\/The washing machine removes all impurities from the material&#8221; font_container=&#8221;tag:div|text_align:left&#8221; use_theme_fonts=&#8221;yes&#8221; css=&#8221;.vc_custom_1655918109972{margin-bottom: 40px !important;}&#8221;][\/vc_column][vc_column width=&#8221;1\/5&#8243;][vc_custom_heading text=&#8221;03&#8243; font_container=&#8221;tag:h5|font_size:55px|text_align:left|color:rgba(255%2C255%2C255%2C0.01)&#8221; use_theme_fonts=&#8221;yes&#8221; css=&#8221;.vc_custom_1638903560874{margin-bottom: 15px !important;}&#8221; el_class=&#8221;text-stroke-black&#8221;][vc_custom_heading text=&#8221;Digital printing<br \/>\n\/prints directly onto the glass&#8221; font_container=&#8221;tag:p|text_align:left&#8221; use_theme_fonts=&#8221;yes&#8221; css=&#8221;.vc_custom_1655918126493{margin-bottom: 40px !important;}&#8221;][\/vc_column][vc_column width=&#8221;1\/5&#8243;][vc_custom_heading text=&#8221;04&#8243; font_container=&#8221;tag:h5|font_size:55px|text_align:left|color:rgba(255%2C255%2C255%2C0.01)&#8221; use_theme_fonts=&#8221;yes&#8221; css=&#8221;.vc_custom_1638903706132{margin-bottom: 15px !important;}&#8221; el_class=&#8221;text-stroke-black&#8221;][vc_custom_heading text=&#8221;Hardening<br \/>\n\/glass acquires the properties of safety tempered glass&#8221; font_container=&#8221;tag:p|text_align:left&#8221; use_theme_fonts=&#8221;yes&#8221; css=&#8221;.vc_custom_1655918143607{margin-bottom: 15px !important;}&#8221;][\/vc_column][vc_column width=&#8221;1\/5&#8243;][vc_custom_heading text=&#8221;05&#8243; font_container=&#8221;tag:h5|font_size:55px|text_align:left|color:rgba(255%2C255%2C255%2C0.01)&#8221; use_theme_fonts=&#8221;yes&#8221; css=&#8221;.vc_custom_1638903722650{margin-bottom: 15px !important;}&#8221; el_class=&#8221;text-stroke-black&#8221;][vc_custom_heading text=&#8221;Lamination of glass<br \/>\n\/lamination of glass in a laminating furnace&#8221; font_container=&#8221;tag:p|text_align:left&#8221; use_theme_fonts=&#8221;yes&#8221; css=&#8221;.vc_custom_1655918157757{margin-bottom: 15px !important;}&#8221;][\/vc_column][\/vc_row][vc_row][vc_column][vc_single_image image=&#8221;748&#8243; img_size=&#8221;full&#8221;][\/vc_column][\/vc_row][vc_row css=&#8221;.vc_custom_1638904026823{margin-top: 100px !important;margin-bottom: 30px !important;}&#8221;][vc_column][vc_custom_heading text=&#8221;TECHNOLOGY&#8221; font_container=&#8221;tag:h3|font_size:13px|text_align:right|color:%23373737&#8243; use_theme_fonts=&#8221;yes&#8221; css=&#8221;.vc_custom_1655918168659{margin-bottom: 5px !important;border-top-width: 2px !important;padding-left: 50px !important;border-top-color: #373737 !important;border-top-style: solid !important;}&#8221; el_class=&#8221;heading-border&#8221;][\/vc_column][\/vc_row][vc_row][vc_column width=&#8221;1\/2&#8243;][vc_custom_heading text=&#8221;Glass forming and machining&#8221; font_container=&#8221;tag:h5|font_size:40px|text_align:left|line_height:55px&#8221; use_theme_fonts=&#8221;yes&#8221; css=&#8221;.vc_custom_1655918179543{margin-bottom: 20px !important;}&#8221;][vc_column_text css=&#8221;.vc_custom_1655918203944{margin-right: 10% !important;margin-bottom: 40px !important;}&#8221;]cutting plotter | glass formatting<br \/>\nVertical grinding machine | edge machining<br \/>\nCNC, machining centre | drilling holes, milling of cut-outs and cut-outs in the surface[\/vc_column_text][vc_separator][vc_custom_heading text=&#8221;Digital printing&#8221; font_container=&#8221;tag:h5|font_size:40px|text_align:left|line_height:55px&#8221; use_theme_fonts=&#8221;yes&#8221; css=&#8221;.vc_custom_1655918211244{margin-bottom: 20px !important;}&#8221;][vc_column_text css=&#8221;.vc_custom_1655918230448{margin-right: 10% !important;margin-bottom: 40px !important;}&#8221;]The printing machine uses special inorganic ceramic inks that are applied to the glass surface with incredible precision.<\/p>\n<p>Print resolution | up to 2880 DPI with adjustable print droplet size<br \/>\ncolours | R\/G\/B\/Y\/W\/B &#8211; 8 print heads<br \/>\nsmallest print area | 300 x 300 mm<br \/>\nlargest print area | 1600 mm x 3000 mm<br \/>\nglass thickness | 4 &#8211; 19 mm<br \/>\nThe scratch resistance meets the requirements of EN 438-2\/ISO 4586-2 |16N[\/vc_column_text][\/vc_column][vc_column width=&#8221;1\/2&#8243;][vc_custom_heading text=&#8221;Hardening&#8221; font_container=&#8221;tag:h5|font_size:40px|text_align:left|line_height:55px&#8221; use_theme_fonts=&#8221;yes&#8221; css=&#8221;.vc_custom_1655918239982{margin-bottom: 20px !important;}&#8221;][vc_column_text css=&#8221;.vc_custom_1655918245977{margin-right: 10% !important;margin-bottom: 40px !important;}&#8221;]At a temperature of around 700\u00b0C, the glass softens in the tempering furnace and the colour pigments and glass frit contained in the printing inks penetrate into the glass material &#8211; they become infused. The glass is then rapidly cooled by air.[\/vc_column_text][vc_separator][vc_custom_heading text=&#8221;Lamination&#8221; font_container=&#8221;tag:h5|font_size:40px|text_align:left|line_height:55px&#8221; use_theme_fonts=&#8221;yes&#8221; css=&#8221;.vc_custom_1655918259153{margin-bottom: 20px !important;}&#8221;][vc_column_text css=&#8221;.vc_custom_1655918264529{margin-right: 10% !important;margin-bottom: 40px !important;}&#8221;]The process of layering glass in a laminating furnace is of technical and aesthetic importance. Multiple layers of glass and foil increase safety, acoustic and insulating properties and allow the layers to be interspersed with other materials.<\/p>\n<p>&nbsp;[\/vc_column_text][\/vc_column][\/vc_row][vc_row][vc_column width=&#8221;1\/3&#8243;][vc_single_image image=&#8221;745&#8243; img_size=&#8221;full&#8221;][\/vc_column][vc_column width=&#8221;1\/3&#8243;][vc_single_image image=&#8221;746&#8243; img_size=&#8221;full&#8221;][\/vc_column][vc_column width=&#8221;1\/3&#8243;][vc_single_image image=&#8221;747&#8243; img_size=&#8221;full&#8221;][\/vc_column][\/vc_row][vc_row css=&#8221;.vc_custom_1640162717693{margin-top: 50px !important;}&#8221;][vc_column][vc_column_text]<strong>Pr\u016fmysl 4.0 ve spole\u010dnosti Frajt s.r.o.<\/strong><\/p>\n<p>Spole\u010dnost Frajt s.r.o. zah\u00e1jila fyzickou realizaci projektu CZ.01.2.06\/0.0\/0.0\/20_322\/0024512 \u201ePr\u016fmysl 4.0 ve spole\u010dnosti Frajt s.r.o.\u201c.<\/p>\n<p>C\u00edlem projektu je uskute\u010dnit d\u016fle\u017eitou f\u00e1zi digit\u00e1ln\u00ed transformaci z hlediska v\u00fdrobn\u00edho i procesn\u00edho a integrov\u00e1n\u00ed v\u0161ech \u010d\u00e1st\u00ed v\u00fdrobn\u00edho procesu do jednoho inteligentn\u00edho syst\u00e9mu, p\u0159\u00edpadn\u011b do samovoln\u011b funguj\u00edc\u00edch autonomn\u00edch subsyst\u00e9m\u016f. Na operaci je poskytov\u00e1na finan\u010dn\u00ed podpora EU.<\/p>\n<p><img decoding=\"async\" loading=\"lazy\" class=\"alignnone size-medium wp-image-416\" src=\"https:\/\/www.imageglass.cz\/wp-content\/uploads\/2021\/12\/eu-300x97.jpg\" alt=\"\" width=\"300\" height=\"97\" srcset=\"https:\/\/www.imageglass.cz\/wp-content\/uploads\/2021\/12\/eu-300x97.jpg 300w, https:\/\/www.imageglass.cz\/wp-content\/uploads\/2021\/12\/eu.jpg 351w\" sizes=\"(max-width: 300px) 100vw, 300px\" \/>[\/vc_column_text][\/vc_column][\/vc_row][vc_row full_width=&#8221;stretch_row&#8221;][vc_column css=&#8221;.vc_custom_1635794627750{border-top-width: 12px !important;border-right-width: 12px !important;border-bottom-width: 12px !important;border-left-width: 12px !important;padding-top: 60px !important;padding-bottom: 70px !important;background-position: 0 0 !important;background-repeat: no-repeat !important;border-left-color: #e3e3e3 !important;border-left-style: solid !important;border-right-color: #e3e3e3 !important;border-right-style: solid !important;border-top-color: #e3e3e3 !important;border-top-style: solid !important;border-bottom-color: #e3e3e3 !important;border-bottom-style: solid !important;}&#8221; offset=&#8221;vc_col-md-offset-2 vc_col-md-8&#8243; el_class=&#8221;highlight-text&#8221;][vc_custom_heading text=&#8221;Vytvo\u0159me&#8221; font_container=&#8221;tag:h5|font_size:55px|text_align:center|color:%23ffffff|line_height:56px&#8221; use_theme_fonts=&#8221;yes&#8221; css=&#8221;.vc_custom_1635722461535{margin-bottom: 0px !important;}&#8221; el_class=&#8221;text-stroke-black&#8221;][vc_column_text css=&#8221;.vc_custom_1635722479087{margin-top: 5px !important;margin-bottom: 20px !important;}&#8221;]<\/p>\n<p style=\"text-align: center;\"><span style=\"color: #707070;\">spolu jedine\u010dn\u00fd projekt<\/span><\/p>\n<p>[\/vc_column_text]<div role=\"form\" class=\"wpcf7\" id=\"wpcf7-f119-o1\" lang=\"cs-CZ\" dir=\"ltr\">\n<div class=\"screen-reader-response\"><p role=\"status\" aria-live=\"polite\" aria-atomic=\"true\"><\/p> <ul><\/ul><\/div>\n<form action=\"\/en\/wp-json\/wp\/v2\/pages\/1080#wpcf7-f119-o1\" method=\"post\" class=\"wpcf7-form init\" novalidate=\"novalidate\" data-status=\"init\">\n<div style=\"display: none;\">\n<input type=\"hidden\" name=\"_wpcf7\" value=\"119\" \/>\n<input type=\"hidden\" name=\"_wpcf7_version\" value=\"5.4.2\" \/>\n<input type=\"hidden\" name=\"_wpcf7_locale\" value=\"cs_CZ\" \/>\n<input type=\"hidden\" name=\"_wpcf7_unit_tag\" value=\"wpcf7-f119-o1\" \/>\n<input type=\"hidden\" name=\"_wpcf7_container_post\" value=\"0\" \/>\n<input type=\"hidden\" name=\"_wpcf7_posted_data_hash\" value=\"\" \/>\n<\/div>\n<div class=\"vc_row contact-form subscribe\">\n<div class=\"vc_col-sm-6 vc_col-sm-offset-2\" style=\"padding-left: 0px;padding-right: 0px;\"><span class=\"wpcf7-form-control-wrap Enter\"><input type=\"text\" name=\"Enter\" value=\"\" size=\"40\" class=\"wpcf7-form-control wpcf7-text wpcf7-validates-as-required\" aria-required=\"true\" aria-invalid=\"false\" placeholder=\"Email\" \/><\/span><\/div>\n<div class=\"vc_col-sm-4\" style=\"padding-left: 0px;padding-left: 0px;\"><button type=\"submit\">Send<\/button><\/div>\n<\/div>\n<div class=\"wpcf7-response-output\" aria-hidden=\"true\"><\/div><\/form><\/div>[\/vc_column][\/vc_row]<\/p>\n","protected":false},"excerpt":{"rendered":"<p>[vc_row][vc_column][vc_empty_space height=&#8221;150px&#8221;][\/vc_column][\/vc_row][vc_row css=&#8221;.vc_custom_1535382853850{margin-bottom: 12px !important;}&#8221;][vc_column width=&#8221;1\/2&#8243; css=&#8221;.vc_custom_1532525448267{margin-bottom: 0px !important;}&#8221;][vc_custom_heading text=&#8221;TECHNOLOGY&#8221; font_container=&#8221;tag:h3|font_size:13px|text_align:right|color:%23373737&#8243; use_theme_fonts=&#8221;yes&#8221; css=&#8221;.vc_custom_1655917897728{margin-bottom: 5px !important;border-top-width: 2px !important;padding-left: 50px !important;border-top-color: #373737 !important;border-top-style: solid !important;}&#8221; el_class=&#8221;heading-border&#8221;][vc_custom_heading text=&#8221;Printing&nbsp;<a href=\"https:\/\/www.imageglass.cz\/en\/technology\">&hellip;<\/a><\/p>\n","protected":false},"author":1,"featured_media":0,"parent":0,"menu_order":0,"comment_status":"closed","ping_status":"closed","template":"template-home-transparent-header.php","meta":{"ngg_post_thumbnail":0,"footnotes":""},"yoast_head":"<!-- This site is optimized with the Yoast SEO plugin v18.0 - https:\/\/yoast.com\/wordpress\/plugins\/seo\/ -->\n<title>Technologie - potisk skla, tisk na sklo - IMAGE GLASS | keramick\u00fd potisk skla<\/title>\n<meta name=\"description\" content=\"Tisk na sklo keramickou barvou odol\u00e1v\u00e1 UV z\u00e1\u0159en\u00ed, pov\u011btrnostn\u00edm vliv\u016fm i mechanick\u00e9mu po\u0161kozen\u00ed.Je ur\u010den\u00fd pro vyu\u017eit\u00ed v exteri\u00e9ru a interi\u00e9ru.\" \/>\n<meta name=\"robots\" content=\"index, follow, max-snippet:-1, max-image-preview:large, max-video-preview:-1\" \/>\n<link rel=\"canonical\" href=\"https:\/\/www.imageglass.cz\/en\/technology\" \/>\n<meta property=\"og:locale\" content=\"en_US\" \/>\n<meta property=\"og:type\" content=\"article\" \/>\n<meta property=\"og:title\" content=\"Technologie - potisk skla, tisk na sklo - IMAGE GLASS | keramick\u00fd potisk skla\" \/>\n<meta property=\"og:description\" content=\"Tisk na sklo keramickou barvou odol\u00e1v\u00e1 UV z\u00e1\u0159en\u00ed, pov\u011btrnostn\u00edm vliv\u016fm i mechanick\u00e9mu po\u0161kozen\u00ed.Je ur\u010den\u00fd pro vyu\u017eit\u00ed v exteri\u00e9ru a interi\u00e9ru.\" \/>\n<meta property=\"og:url\" content=\"https:\/\/www.imageglass.cz\/en\/technology\" \/>\n<meta property=\"og:site_name\" content=\"IMAGE GLASS | keramick\u00fd potisk skla\" \/>\n<meta property=\"article:modified_time\" content=\"2022-06-22T17:44:51+00:00\" \/>\n<meta property=\"og:image\" content=\"https:\/\/www.imageglass.cz\/wp-content\/uploads\/2021\/12\/eu-300x97.jpg\" \/>\n<meta name=\"twitter:card\" content=\"summary_large_image\" \/>\n<meta name=\"twitter:label1\" content=\"Est. reading time\" \/>\n\t<meta name=\"twitter:data1\" content=\"7 minutes\" \/>\n<script type=\"application\/ld+json\" class=\"yoast-schema-graph\">{\"@context\":\"https:\/\/schema.org\",\"@graph\":[{\"@type\":\"WebSite\",\"@id\":\"https:\/\/www.imageglass.cz\/#website\",\"url\":\"https:\/\/www.imageglass.cz\/\",\"name\":\"IMAGE GLASS | keramick\u00fd potisk skla\",\"description\":\"Dal\u0161\u00ed web pou\u017e\u00edvaj\u00edc\u00ed WordPress\",\"potentialAction\":[{\"@type\":\"SearchAction\",\"target\":{\"@type\":\"EntryPoint\",\"urlTemplate\":\"https:\/\/www.imageglass.cz\/?s={search_term_string}\"},\"query-input\":\"required name=search_term_string\"}],\"inLanguage\":\"en-US\"},{\"@type\":\"ImageObject\",\"@id\":\"https:\/\/www.imageglass.cz\/en\/technology#primaryimage\",\"inLanguage\":\"en-US\",\"url\":\"https:\/\/www.imageglass.cz\/wp-content\/uploads\/2021\/12\/eu.jpg\",\"contentUrl\":\"https:\/\/www.imageglass.cz\/wp-content\/uploads\/2021\/12\/eu.jpg\",\"width\":351,\"height\":113},{\"@type\":\"WebPage\",\"@id\":\"https:\/\/www.imageglass.cz\/en\/technology#webpage\",\"url\":\"https:\/\/www.imageglass.cz\/en\/technology\",\"name\":\"Technologie - potisk skla, tisk na sklo - IMAGE GLASS | keramick\u00fd potisk skla\",\"isPartOf\":{\"@id\":\"https:\/\/www.imageglass.cz\/#website\"},\"primaryImageOfPage\":{\"@id\":\"https:\/\/www.imageglass.cz\/en\/technology#primaryimage\"},\"datePublished\":\"2018-06-26T08:53:31+00:00\",\"dateModified\":\"2022-06-22T17:44:51+00:00\",\"description\":\"Tisk na sklo keramickou barvou odol\u00e1v\u00e1 UV z\u00e1\u0159en\u00ed, pov\u011btrnostn\u00edm vliv\u016fm i mechanick\u00e9mu po\u0161kozen\u00ed.Je ur\u010den\u00fd pro vyu\u017eit\u00ed v exteri\u00e9ru a interi\u00e9ru.\",\"breadcrumb\":{\"@id\":\"https:\/\/www.imageglass.cz\/en\/technology#breadcrumb\"},\"inLanguage\":\"en-US\",\"potentialAction\":[{\"@type\":\"ReadAction\",\"target\":[\"https:\/\/www.imageglass.cz\/en\/technology\"]}]},{\"@type\":\"BreadcrumbList\",\"@id\":\"https:\/\/www.imageglass.cz\/en\/technology#breadcrumb\",\"itemListElement\":[{\"@type\":\"ListItem\",\"position\":1,\"name\":\"Dom\u016f\",\"item\":\"https:\/\/www.imageglass.cz\/en\"},{\"@type\":\"ListItem\",\"position\":2,\"name\":\"Technology\"}]}]}<\/script>\n<!-- \/ Yoast SEO plugin. -->","yoast_head_json":{"title":"Technologie - potisk skla, tisk na sklo - IMAGE GLASS | keramick\u00fd potisk skla","description":"Tisk na sklo keramickou barvou odol\u00e1v\u00e1 UV z\u00e1\u0159en\u00ed, pov\u011btrnostn\u00edm vliv\u016fm i mechanick\u00e9mu po\u0161kozen\u00ed.Je ur\u010den\u00fd pro vyu\u017eit\u00ed v exteri\u00e9ru a interi\u00e9ru.","robots":{"index":"index","follow":"follow","max-snippet":"max-snippet:-1","max-image-preview":"max-image-preview:large","max-video-preview":"max-video-preview:-1"},"canonical":"https:\/\/www.imageglass.cz\/en\/technology","og_locale":"en_US","og_type":"article","og_title":"Technologie - potisk skla, tisk na sklo - IMAGE GLASS | keramick\u00fd potisk skla","og_description":"Tisk na sklo keramickou barvou odol\u00e1v\u00e1 UV z\u00e1\u0159en\u00ed, pov\u011btrnostn\u00edm vliv\u016fm i mechanick\u00e9mu po\u0161kozen\u00ed.Je ur\u010den\u00fd pro vyu\u017eit\u00ed v exteri\u00e9ru a interi\u00e9ru.","og_url":"https:\/\/www.imageglass.cz\/en\/technology","og_site_name":"IMAGE GLASS | keramick\u00fd potisk skla","article_modified_time":"2022-06-22T17:44:51+00:00","og_image":[{"url":"https:\/\/www.imageglass.cz\/wp-content\/uploads\/2021\/12\/eu-300x97.jpg"}],"twitter_card":"summary_large_image","twitter_misc":{"Est. reading time":"7 minutes"},"schema":{"@context":"https:\/\/schema.org","@graph":[{"@type":"WebSite","@id":"https:\/\/www.imageglass.cz\/#website","url":"https:\/\/www.imageglass.cz\/","name":"IMAGE GLASS | keramick\u00fd potisk skla","description":"Dal\u0161\u00ed web pou\u017e\u00edvaj\u00edc\u00ed WordPress","potentialAction":[{"@type":"SearchAction","target":{"@type":"EntryPoint","urlTemplate":"https:\/\/www.imageglass.cz\/?s={search_term_string}"},"query-input":"required name=search_term_string"}],"inLanguage":"en-US"},{"@type":"ImageObject","@id":"https:\/\/www.imageglass.cz\/en\/technology#primaryimage","inLanguage":"en-US","url":"https:\/\/www.imageglass.cz\/wp-content\/uploads\/2021\/12\/eu.jpg","contentUrl":"https:\/\/www.imageglass.cz\/wp-content\/uploads\/2021\/12\/eu.jpg","width":351,"height":113},{"@type":"WebPage","@id":"https:\/\/www.imageglass.cz\/en\/technology#webpage","url":"https:\/\/www.imageglass.cz\/en\/technology","name":"Technologie - potisk skla, tisk na sklo - IMAGE GLASS | keramick\u00fd potisk skla","isPartOf":{"@id":"https:\/\/www.imageglass.cz\/#website"},"primaryImageOfPage":{"@id":"https:\/\/www.imageglass.cz\/en\/technology#primaryimage"},"datePublished":"2018-06-26T08:53:31+00:00","dateModified":"2022-06-22T17:44:51+00:00","description":"Tisk na sklo keramickou barvou odol\u00e1v\u00e1 UV z\u00e1\u0159en\u00ed, pov\u011btrnostn\u00edm vliv\u016fm i mechanick\u00e9mu po\u0161kozen\u00ed.Je ur\u010den\u00fd pro vyu\u017eit\u00ed v exteri\u00e9ru a interi\u00e9ru.","breadcrumb":{"@id":"https:\/\/www.imageglass.cz\/en\/technology#breadcrumb"},"inLanguage":"en-US","potentialAction":[{"@type":"ReadAction","target":["https:\/\/www.imageglass.cz\/en\/technology"]}]},{"@type":"BreadcrumbList","@id":"https:\/\/www.imageglass.cz\/en\/technology#breadcrumb","itemListElement":[{"@type":"ListItem","position":1,"name":"Dom\u016f","item":"https:\/\/www.imageglass.cz\/en"},{"@type":"ListItem","position":2,"name":"Technology"}]}]}},"_links":{"self":[{"href":"https:\/\/www.imageglass.cz\/en\/wp-json\/wp\/v2\/pages\/1080"}],"collection":[{"href":"https:\/\/www.imageglass.cz\/en\/wp-json\/wp\/v2\/pages"}],"about":[{"href":"https:\/\/www.imageglass.cz\/en\/wp-json\/wp\/v2\/types\/page"}],"author":[{"embeddable":true,"href":"https:\/\/www.imageglass.cz\/en\/wp-json\/wp\/v2\/users\/1"}],"replies":[{"embeddable":true,"href":"https:\/\/www.imageglass.cz\/en\/wp-json\/wp\/v2\/comments?post=1080"}],"version-history":[{"count":6,"href":"https:\/\/www.imageglass.cz\/en\/wp-json\/wp\/v2\/pages\/1080\/revisions"}],"predecessor-version":[{"id":1109,"href":"https:\/\/www.imageglass.cz\/en\/wp-json\/wp\/v2\/pages\/1080\/revisions\/1109"}],"wp:attachment":[{"href":"https:\/\/www.imageglass.cz\/en\/wp-json\/wp\/v2\/media?parent=1080"}],"curies":[{"name":"wp","href":"https:\/\/api.w.org\/{rel}","templated":true}]}}